{"id":7058,"date":"2024-01-10T16:46:00","date_gmt":"2024-01-10T15:46:00","guid":{"rendered":"https:\/\/staging-oxid70.lucky-bike.kmt.host\/blog-25\/?page_id=7058"},"modified":"2025-05-09T11:22:59","modified_gmt":"2025-05-09T09:22:59","slug":"so-testen-wir-bei-lucky-bike","status":"publish","type":"page","link":"https:\/\/www.lucky-bike.pro\/blog\/so-testen-wir-bei-lucky-bike\/","title":{"rendered":"So testen wir bei Lucky Bike"},"content":{"rendered":"\n<h2 class=\"wp-block-heading\"><strong>Wie testen wir Fahrr\u00e4der und E-Bikes bei Lucky Bike?<\/strong><\/h2>\n\n\n\n<p>Bei Lucky Bike testen wir Fahrr\u00e4der anders als Stiftung Warentest \u2013 und das ganz bewusst. Wir verkaufen schlie\u00dflich die R\u00e4der, weil wir von ihrer Qualit\u00e4t \u00fcberzeugt sind. Ausschlie\u00dflich negative Verrisse werdet ihr bei uns daher selten finden. Unser Ziel ist es, die R\u00e4der realistisch zu bewerten, immer mit Blick auf die Zielgruppe und das Preis-Leistungs-Verh\u00e4ltnis.<\/p>\n\n\n\n<h3 class=\"wp-block-heading\">Die Zielgruppe im Fokus<\/h3>\n\n\n\n<p>Wir testen aus der Sicht der Nutzer. Ein Beispiel: Ein Mountainbike unter 500 Euro mag\u00a0Bike-Enthusiasten nicht \u00fcberzeugen, aber in seiner Preisklasse kann es durchaus gut abschneiden. Es kommt immer auf den Vergleich im jeweiligen Segment an.<\/p>\n\n\n\n<figure class=\"wp-block-image size-large\"><img fetchpriority=\"high\" decoding=\"async\" width=\"1920\" height=\"1280\" src=\"https:\/\/www.lucky-bike.pro\/blog\/wp-content\/uploads\/2025\/05\/20230516_recruiting_fulda_neuefiliale1.jpg\" alt=\"\" class=\"wp-image-12872\"\/><\/figure>\n\n\n\n<h3 class=\"wp-block-heading\">Wer testet bei Lucky Bike?<\/h3>\n\n\n\n<p>Unsere <a href=\"https:\/\/www.lucky-bike.pro\/dein-Lucky-Guide\/\" target=\"_blank\" rel=\"noreferrer noopener\">Lucky Guides<\/a> aus allen Bereichen \u2013 egal ob Verkauf, Werkstatt oder Marketing \u2013 f\u00fchren die <a href=\"http:\/\/www.lucky-bike.pro\/blog\/tests\" target=\"_blank\" rel=\"noreferrer noopener\">Tests<\/a> durch. Sie sind unsere Experten und testen Fahrr\u00e4der und E-Bikes aus Segmenten, in denen sie sich bestens auskennen. Tempoverliebte Lucky Guides testen <a href=\"https:\/\/www.lucky-bike.pro\/blog\/tests\/tests-rennrad-cyclocross\/\" target=\"_blank\" rel=\"noreferrer noopener\">Rennr\u00e4der und Gravelbikes<\/a>, MTB-Enthusiasten schnappen sich die <a href=\"https:\/\/www.lucky-bike.pro\/blog\/tests\/tests-mountainbikes\/\" target=\"_blank\" rel=\"noreferrer noopener\">(E-)Mountainbikes<\/a> und unsere fahrrad-affinen Alltagsradler testen <a href=\"https:\/\/www.lucky-bike.pro\/blog\/tests\/tests-trekking-citybikes\/\" target=\"_blank\" rel=\"noreferrer noopener\">City-, Trekking-<\/a> und<a href=\"https:\/\/www.lucky-bike.pro\/blog\/tests\/tests-e-bikes\/\" target=\"_blank\" rel=\"noreferrer noopener\"> E-Bikes<\/a> im urbanen Umfeld.<\/p>\n\n\n\n<h3 class=\"wp-block-heading\">Wie l\u00e4uft ein Test ab?<\/h3>\n\n\n\n<p>Unsere Tests folgen immer einer klaren Struktur:<\/p>\n\n\n\n<p><strong>1. Pro &amp; Contra:<\/strong> Zu Beginn gibt es eine kurze Liste der guten und nicht so gut Punkte.<\/p>\n\n\n\n<p><strong>2. Erster Eindruck &amp; Ausstattung:<\/strong> Wir analysieren Bauteile wie Rahmen, Antrieb, Bremsen- und Federelemente und mehr \u2013 immer im Hinblick auf das Preis-Leistungs-Verh\u00e4ltnis.<\/p>\n\n\n\n<p><strong>3. Praxistest:<\/strong> Die R\u00e4der werden im jeweiligen Einsatzbereich getestet \u2013 Mountainbikes im Gel\u00e4nde, City-Bikes in der Stadt.<\/p>\n\n\n\n<p><strong>4. Fazit:<\/strong> Abschlie\u00dfend bewerten wir, ob das Rad die Erwartungen erf\u00fcllt und f\u00fcr wen es geeignet ist und zeigen gegebenenfalls auch alternative Modelle.<\/p>\n\n\n\n<p><a href=\"https:\/\/www.lucky-bike.pro\/blog\/wir-schreiben-lucky-bike\/\">Hier findest du eine \u00dcbersicht unserer Autorinnen und Autoren.<\/a><\/p>\n","protected":false},"excerpt":{"rendered":"<p>Wie testen wir Fahrr\u00e4der und E-Bikes bei Lucky Bike? Bei Lucky Bike testen wir Fahrr\u00e4der anders als Stiftung Warentest \u2013 und das ganz bewusst. Wir verkaufen schlie\u00dflich die R\u00e4der, weil wir von ihrer Qualit\u00e4t \u00fcberzeugt sind. Ausschlie\u00dflich negative Verrisse werdet ihr bei uns daher selten finden. Unser Ziel ist es, die R\u00e4der realistisch zu bewerten, [&hellip;]<\/p>\n","protected":false},"author":2,"featured_media":6984,"parent":0,"menu_order":0,"comment_status":"open","ping_status":"open","template":"","meta":{"footnotes":""},"class_list":["post-7058","page","type-page","status-publish","has-post-thumbnail","hentry"],"yoast_head":"<!-- This site is optimized with the Yoast SEO plugin v26.4 - https:\/\/yoast.com\/wordpress\/plugins\/seo\/ -->\n<title>So testen wir bei Lucky Bike - Lucky Bike-Blog<\/title>\n<meta name=\"description\" content=\"Mit diesem Beitrag m\u00f6chten wir euch erl\u00e4utern, wie wir bei Lucky Bike-Fahrr\u00e4der testen und wie unsere Testberichte entstehen.\" \/>\n<meta name=\"robots\" content=\"index, follow, max-snippet:-1, max-image-preview:large, max-video-preview:-1\" \/>\n<link rel=\"canonical\" href=\"https:\/\/www.lucky-bike.pro\/blog\/so-testen-wir-bei-lucky-bike\/\" \/>\n<meta property=\"og:locale\" content=\"de_DE\" \/>\n<meta property=\"og:type\" content=\"article\" \/>\n<meta property=\"og:title\" content=\"So testen wir bei Lucky Bike - Lucky Bike-Blog\" \/>\n<meta property=\"og:description\" content=\"Mit diesem Beitrag m\u00f6chten wir euch erl\u00e4utern, wie wir bei Lucky Bike-Fahrr\u00e4der testen und wie unsere Testberichte entstehen.\" \/>\n<meta property=\"og:url\" content=\"https:\/\/www.lucky-bike.pro\/blog\/so-testen-wir-bei-lucky-bike\/\" \/>\n<meta property=\"og:site_name\" content=\"Lucky Bike-Blog\" \/>\n<meta property=\"article:publisher\" content=\"https:\/\/www.facebook.com\/LuckyBike.de\/\" \/>\n<meta property=\"article:modified_time\" content=\"2025-05-09T09:22:59+00:00\" \/>\n<meta property=\"og:image\" content=\"https:\/\/www.lucky-bike.pro\/blog\/wp-content\/uploads\/2025\/05\/20230516_recruiting_fulda_neuefiliale1.jpg\" \/>\n\t<meta property=\"og:image:width\" content=\"1920\" \/>\n\t<meta property=\"og:image:height\" content=\"1280\" \/>\n\t<meta property=\"og:image:type\" content=\"image\/jpeg\" \/>\n<meta name=\"twitter:card\" content=\"summary_large_image\" \/>\n<meta name=\"twitter:label1\" content=\"Gesch\u00e4tzte Lesezeit\" \/>\n\t<meta name=\"twitter:data1\" content=\"2\u00a0Minuten\" \/>\n<script type=\"application\/ld+json\" class=\"yoast-schema-graph\">{\"@context\":\"https:\/\/schema.org\",\"@graph\":[{\"@type\":\"Article\",\"@id\":\"https:\/\/www.lucky-bike.pro\/blog\/so-testen-wir-bei-lucky-bike\/#article\",\"isPartOf\":{\"@id\":\"https:\/\/www.lucky-bike.pro\/blog\/so-testen-wir-bei-lucky-bike\/\"},\"author\":{\"name\":\"Sergej Kosyrev\",\"@id\":\"https:\/\/www.lucky-bike.pro\/blog\/#\/schema\/person\/61e7fa8fd0f181b2137c33cefe62d6b6\"},\"headline\":\"So testen wir bei Lucky Bike\",\"datePublished\":\"2024-01-10T15:46:00+00:00\",\"dateModified\":\"2025-05-09T09:22:59+00:00\",\"mainEntityOfPage\":{\"@id\":\"https:\/\/www.lucky-bike.pro\/blog\/so-testen-wir-bei-lucky-bike\/\"},\"wordCount\":286,\"commentCount\":0,\"publisher\":{\"@id\":\"https:\/\/www.lucky-bike.pro\/blog\/#organization\"},\"image\":{\"@id\":\"https:\/\/www.lucky-bike.pro\/blog\/so-testen-wir-bei-lucky-bike\/#primaryimage\"},\"thumbnailUrl\":\"https:\/\/www.lucky-bike.pro\/blog\/wp-content\/uploads\/2025\/05\/20230516_recruiting_fulda_neuefiliale1.jpg\",\"inLanguage\":\"de\",\"potentialAction\":[{\"@type\":\"CommentAction\",\"name\":\"Comment\",\"target\":[\"https:\/\/www.lucky-bike.pro\/blog\/so-testen-wir-bei-lucky-bike\/#respond\"]}]},{\"@type\":\"WebPage\",\"@id\":\"https:\/\/www.lucky-bike.pro\/blog\/so-testen-wir-bei-lucky-bike\/\",\"url\":\"https:\/\/www.lucky-bike.pro\/blog\/so-testen-wir-bei-lucky-bike\/\",\"name\":\"So testen wir bei Lucky Bike - Lucky Bike-Blog\",\"isPartOf\":{\"@id\":\"https:\/\/www.lucky-bike.pro\/blog\/#website\"},\"primaryImageOfPage\":{\"@id\":\"https:\/\/www.lucky-bike.pro\/blog\/so-testen-wir-bei-lucky-bike\/#primaryimage\"},\"image\":{\"@id\":\"https:\/\/www.lucky-bike.pro\/blog\/so-testen-wir-bei-lucky-bike\/#primaryimage\"},\"thumbnailUrl\":\"https:\/\/www.lucky-bike.pro\/blog\/wp-content\/uploads\/2025\/05\/20230516_recruiting_fulda_neuefiliale1.jpg\",\"datePublished\":\"2024-01-10T15:46:00+00:00\",\"dateModified\":\"2025-05-09T09:22:59+00:00\",\"description\":\"Mit diesem Beitrag m\u00f6chten wir euch erl\u00e4utern, wie wir bei Lucky Bike-Fahrr\u00e4der testen und wie unsere Testberichte entstehen.\",\"breadcrumb\":{\"@id\":\"https:\/\/www.lucky-bike.pro\/blog\/so-testen-wir-bei-lucky-bike\/#breadcrumb\"},\"inLanguage\":\"de\",\"potentialAction\":[{\"@type\":\"ReadAction\",\"target\":[\"https:\/\/www.lucky-bike.pro\/blog\/so-testen-wir-bei-lucky-bike\/\"]}]},{\"@type\":\"ImageObject\",\"inLanguage\":\"de\",\"@id\":\"https:\/\/www.lucky-bike.pro\/blog\/so-testen-wir-bei-lucky-bike\/#primaryimage\",\"url\":\"https:\/\/www.lucky-bike.pro\/blog\/wp-content\/uploads\/2025\/05\/20230516_recruiting_fulda_neuefiliale1.jpg\",\"contentUrl\":\"https:\/\/www.lucky-bike.pro\/blog\/wp-content\/uploads\/2025\/05\/20230516_recruiting_fulda_neuefiliale1.jpg\",\"width\":1920,\"height\":1280},{\"@type\":\"BreadcrumbList\",\"@id\":\"https:\/\/www.lucky-bike.pro\/blog\/so-testen-wir-bei-lucky-bike\/#breadcrumb\",\"itemListElement\":[{\"@type\":\"ListItem\",\"position\":1,\"name\":\"Home\",\"item\":\"https:\/\/www.lucky-bike.pro\/blog\/\"},{\"@type\":\"ListItem\",\"position\":2,\"name\":\"So testen wir bei Lucky Bike\"}]},{\"@type\":\"WebSite\",\"@id\":\"https:\/\/www.lucky-bike.pro\/blog\/#website\",\"url\":\"https:\/\/www.lucky-bike.pro\/blog\/\",\"name\":\"Lucky Bike-Blog\",\"description\":\"\",\"publisher\":{\"@id\":\"https:\/\/www.lucky-bike.pro\/blog\/#organization\"},\"potentialAction\":[{\"@type\":\"SearchAction\",\"target\":{\"@type\":\"EntryPoint\",\"urlTemplate\":\"https:\/\/www.lucky-bike.pro\/blog\/?s={search_term_string}\"},\"query-input\":{\"@type\":\"PropertyValueSpecification\",\"valueRequired\":true,\"valueName\":\"search_term_string\"}}],\"inLanguage\":\"de\"},{\"@type\":\"Organization\",\"@id\":\"https:\/\/www.lucky-bike.pro\/blog\/#organization\",\"name\":\"Lucky Bike\",\"url\":\"https:\/\/www.lucky-bike.pro\/blog\/\",\"logo\":{\"@type\":\"ImageObject\",\"inLanguage\":\"de\",\"@id\":\"https:\/\/www.lucky-bike.pro\/blog\/#\/schema\/logo\/image\/\",\"url\":\"https:\/\/www.lucky-bike.pro\/blog\/wp-content\/uploads\/2025\/11\/Logo_LB_zweizeilig.png\",\"contentUrl\":\"https:\/\/www.lucky-bike.pro\/blog\/wp-content\/uploads\/2025\/11\/Logo_LB_zweizeilig.png\",\"width\":371,\"height\":136,\"caption\":\"Lucky Bike\"},\"image\":{\"@id\":\"https:\/\/www.lucky-bike.pro\/blog\/#\/schema\/logo\/image\/\"},\"sameAs\":[\"https:\/\/www.facebook.com\/LuckyBike.de\/\",\"https:\/\/www.instagram.com\/lucky_bike\/\",\"https:\/\/www.youtube.com\/channel\/UCjlpepancJ7GnpKddVPYldg\",\"https:\/\/de.linkedin.com\/company\/lucky-bike.pro-gmbh\",\"https:\/\/www.xing.com\/pages\/luckybike-degmbh\",\"https:\/\/www.tiktok.com\/@luckybike.de?lang=de-DE\"]},{\"@type\":\"Person\",\"@id\":\"https:\/\/www.lucky-bike.pro\/blog\/#\/schema\/person\/61e7fa8fd0f181b2137c33cefe62d6b6\",\"name\":\"Sergej Kosyrev\",\"image\":{\"@type\":\"ImageObject\",\"inLanguage\":\"de\",\"@id\":\"https:\/\/www.lucky-bike.pro\/blog\/#\/schema\/person\/image\/\",\"url\":\"https:\/\/www.lucky-bike.pro\/blog\/wp-content\/uploads\/2025\/05\/LB_Logo_vertical_400x400px-300x300.jpg\",\"contentUrl\":\"https:\/\/www.lucky-bike.pro\/blog\/wp-content\/uploads\/2025\/05\/LB_Logo_vertical_400x400px-300x300.jpg\",\"caption\":\"Sergej Kosyrev\"},\"url\":\"https:\/\/www.lucky-bike.pro\/blog\/author\/sergej-kosyrev\/\"}]}<\/script>\n<!-- \/ Yoast SEO plugin. -->","yoast_head_json":{"title":"So testen wir bei Lucky Bike - Lucky Bike-Blog","description":"Mit diesem Beitrag m\u00f6chten wir euch erl\u00e4utern, wie wir bei Lucky Bike-Fahrr\u00e4der testen und wie unsere Testberichte entstehen.","robots":{"index":"index","follow":"follow","max-snippet":"max-snippet:-1","max-image-preview":"max-image-preview:large","max-video-preview":"max-video-preview:-1"},"canonical":"https:\/\/www.lucky-bike.pro\/blog\/so-testen-wir-bei-lucky-bike\/","og_locale":"de_DE","og_type":"article","og_title":"So testen wir bei Lucky Bike - Lucky Bike-Blog","og_description":"Mit diesem Beitrag m\u00f6chten wir euch erl\u00e4utern, wie wir bei Lucky Bike-Fahrr\u00e4der testen und wie unsere Testberichte entstehen.","og_url":"https:\/\/www.lucky-bike.pro\/blog\/so-testen-wir-bei-lucky-bike\/","og_site_name":"Lucky Bike-Blog","article_publisher":"https:\/\/www.facebook.com\/LuckyBike.de\/","article_modified_time":"2025-05-09T09:22:59+00:00","og_image":[{"width":1920,"height":1280,"url":"https:\/\/www.lucky-bike.pro\/blog\/wp-content\/uploads\/2025\/05\/20230516_recruiting_fulda_neuefiliale1.jpg","type":"image\/jpeg"}],"twitter_card":"summary_large_image","twitter_misc":{"Gesch\u00e4tzte Lesezeit":"2\u00a0Minuten"},"schema":{"@context":"https:\/\/schema.org","@graph":[{"@type":"Article","@id":"https:\/\/www.lucky-bike.pro\/blog\/so-testen-wir-bei-lucky-bike\/#article","isPartOf":{"@id":"https:\/\/www.lucky-bike.pro\/blog\/so-testen-wir-bei-lucky-bike\/"},"author":{"name":"Sergej Kosyrev","@id":"https:\/\/www.lucky-bike.pro\/blog\/#\/schema\/person\/61e7fa8fd0f181b2137c33cefe62d6b6"},"headline":"So testen wir bei Lucky Bike","datePublished":"2024-01-10T15:46:00+00:00","dateModified":"2025-05-09T09:22:59+00:00","mainEntityOfPage":{"@id":"https:\/\/www.lucky-bike.pro\/blog\/so-testen-wir-bei-lucky-bike\/"},"wordCount":286,"commentCount":0,"publisher":{"@id":"https:\/\/www.lucky-bike.pro\/blog\/#organization"},"image":{"@id":"https:\/\/www.lucky-bike.pro\/blog\/so-testen-wir-bei-lucky-bike\/#primaryimage"},"thumbnailUrl":"https:\/\/www.lucky-bike.pro\/blog\/wp-content\/uploads\/2025\/05\/20230516_recruiting_fulda_neuefiliale1.jpg","inLanguage":"de","potentialAction":[{"@type":"CommentAction","name":"Comment","target":["https:\/\/www.lucky-bike.pro\/blog\/so-testen-wir-bei-lucky-bike\/#respond"]}]},{"@type":"WebPage","@id":"https:\/\/www.lucky-bike.pro\/blog\/so-testen-wir-bei-lucky-bike\/","url":"https:\/\/www.lucky-bike.pro\/blog\/so-testen-wir-bei-lucky-bike\/","name":"So testen wir bei Lucky Bike - Lucky Bike-Blog","isPartOf":{"@id":"https:\/\/www.lucky-bike.pro\/blog\/#website"},"primaryImageOfPage":{"@id":"https:\/\/www.lucky-bike.pro\/blog\/so-testen-wir-bei-lucky-bike\/#primaryimage"},"image":{"@id":"https:\/\/www.lucky-bike.pro\/blog\/so-testen-wir-bei-lucky-bike\/#primaryimage"},"thumbnailUrl":"https:\/\/www.lucky-bike.pro\/blog\/wp-content\/uploads\/2025\/05\/20230516_recruiting_fulda_neuefiliale1.jpg","datePublished":"2024-01-10T15:46:00+00:00","dateModified":"2025-05-09T09:22:59+00:00","description":"Mit diesem Beitrag m\u00f6chten wir euch erl\u00e4utern, wie wir bei Lucky Bike-Fahrr\u00e4der testen und wie unsere Testberichte entstehen.","breadcrumb":{"@id":"https:\/\/www.lucky-bike.pro\/blog\/so-testen-wir-bei-lucky-bike\/#breadcrumb"},"inLanguage":"de","potentialAction":[{"@type":"ReadAction","target":["https:\/\/www.lucky-bike.pro\/blog\/so-testen-wir-bei-lucky-bike\/"]}]},{"@type":"ImageObject","inLanguage":"de","@id":"https:\/\/www.lucky-bike.pro\/blog\/so-testen-wir-bei-lucky-bike\/#primaryimage","url":"https:\/\/www.lucky-bike.pro\/blog\/wp-content\/uploads\/2025\/05\/20230516_recruiting_fulda_neuefiliale1.jpg","contentUrl":"https:\/\/www.lucky-bike.pro\/blog\/wp-content\/uploads\/2025\/05\/20230516_recruiting_fulda_neuefiliale1.jpg","width":1920,"height":1280},{"@type":"BreadcrumbList","@id":"https:\/\/www.lucky-bike.pro\/blog\/so-testen-wir-bei-lucky-bike\/#breadcrumb","itemListElement":[{"@type":"ListItem","position":1,"name":"Home","item":"https:\/\/www.lucky-bike.pro\/blog\/"},{"@type":"ListItem","position":2,"name":"So testen wir bei Lucky Bike"}]},{"@type":"WebSite","@id":"https:\/\/www.lucky-bike.pro\/blog\/#website","url":"https:\/\/www.lucky-bike.pro\/blog\/","name":"Lucky Bike-Blog","description":"","publisher":{"@id":"https:\/\/www.lucky-bike.pro\/blog\/#organization"},"potentialAction":[{"@type":"SearchAction","target":{"@type":"EntryPoint","urlTemplate":"https:\/\/www.lucky-bike.pro\/blog\/?s={search_term_string}"},"query-input":{"@type":"PropertyValueSpecification","valueRequired":true,"valueName":"search_term_string"}}],"inLanguage":"de"},{"@type":"Organization","@id":"https:\/\/www.lucky-bike.pro\/blog\/#organization","name":"Lucky Bike","url":"https:\/\/www.lucky-bike.pro\/blog\/","logo":{"@type":"ImageObject","inLanguage":"de","@id":"https:\/\/www.lucky-bike.pro\/blog\/#\/schema\/logo\/image\/","url":"https:\/\/www.lucky-bike.pro\/blog\/wp-content\/uploads\/2025\/11\/Logo_LB_zweizeilig.png","contentUrl":"https:\/\/www.lucky-bike.pro\/blog\/wp-content\/uploads\/2025\/11\/Logo_LB_zweizeilig.png","width":371,"height":136,"caption":"Lucky Bike"},"image":{"@id":"https:\/\/www.lucky-bike.pro\/blog\/#\/schema\/logo\/image\/"},"sameAs":["https:\/\/www.facebook.com\/LuckyBike.de\/","https:\/\/www.instagram.com\/lucky_bike\/","https:\/\/www.youtube.com\/channel\/UCjlpepancJ7GnpKddVPYldg","https:\/\/de.linkedin.com\/company\/lucky-bike.pro-gmbh","https:\/\/www.xing.com\/pages\/luckybike-degmbh","https:\/\/www.tiktok.com\/@luckybike.de?lang=de-DE"]},{"@type":"Person","@id":"https:\/\/www.lucky-bike.pro\/blog\/#\/schema\/person\/61e7fa8fd0f181b2137c33cefe62d6b6","name":"Sergej Kosyrev","image":{"@type":"ImageObject","inLanguage":"de","@id":"https:\/\/www.lucky-bike.pro\/blog\/#\/schema\/person\/image\/","url":"https:\/\/www.lucky-bike.pro\/blog\/wp-content\/uploads\/2025\/05\/LB_Logo_vertical_400x400px-300x300.jpg","contentUrl":"https:\/\/www.lucky-bike.pro\/blog\/wp-content\/uploads\/2025\/05\/LB_Logo_vertical_400x400px-300x300.jpg","caption":"Sergej Kosyrev"},"url":"https:\/\/www.lucky-bike.pro\/blog\/author\/sergej-kosyrev\/"}]}},"_links":{"self":[{"href":"https:\/\/www.lucky-bike.pro\/blog\/wp-json\/wp\/v2\/pages\/7058","targetHints":{"allow":["GET"]}}],"collection":[{"href":"https:\/\/www.lucky-bike.pro\/blog\/wp-json\/wp\/v2\/pages"}],"about":[{"href":"https:\/\/www.lucky-bike.pro\/blog\/wp-json\/wp\/v2\/types\/page"}],"author":[{"embeddable":true,"href":"https:\/\/www.lucky-bike.pro\/blog\/wp-json\/wp\/v2\/users\/2"}],"replies":[{"embeddable":true,"href":"https:\/\/www.lucky-bike.pro\/blog\/wp-json\/wp\/v2\/comments?post=7058"}],"version-history":[{"count":2,"href":"https:\/\/www.lucky-bike.pro\/blog\/wp-json\/wp\/v2\/pages\/7058\/revisions"}],"predecessor-version":[{"id":19808,"href":"https:\/\/www.lucky-bike.pro\/blog\/wp-json\/wp\/v2\/pages\/7058\/revisions\/19808"}],"wp:featuredmedia":[{"embeddable":true,"href":"https:\/\/www.lucky-bike.pro\/blog\/wp-json\/wp\/v2\/media\/6984"}],"wp:attachment":[{"href":"https:\/\/www.lucky-bike.pro\/blog\/wp-json\/wp\/v2\/media?parent=7058"}],"curies":[{"name":"wp","href":"https:\/\/api.w.org\/{rel}","templated":true}]}}